{"id":3,"date":"2007-11-11T13:00:06","date_gmt":"2007-11-11T12:00:06","guid":{"rendered":"http:\/\/www.markt-eichendorf.de\/Gemeindeentwicklung\/?page_id=3"},"modified":"2008-12-18T09:28:16","modified_gmt":"2008-12-18T08:28:16","slug":"organisationsteam","status":"publish","type":"page","link":"http:\/\/www.gemeindeentwicklung-eichendorf.de\/?page_id=3","title":{"rendered":"Vorstandschaft"},"content":{"rendered":"<p><strong>Die Vorstandschaft des Vereins &#8222;Gemeindeentwicklung Eichendorf e.V.&#8220;<br \/>\ngew\u00e4hlt am 29. April 2008.<\/strong><\/p>\n<p><img decoding=\"async\" src=\"http:\/\/www.gemeindeentwicklung-eichendorf.de\/wp-content\/uploads\/2008\/05\/vorstand_april2008.jpg\" alt=\"Vorstandschaft April 2008\" \/><\/p>\n<p><em>Von links nach rechts: Stefan Stangl (Beisitzer &#8222;Junge Erwachsene&#8220;), Sebastian Gehwolf (schriftf\u00fchrer der Wahl), Franz M\u00fcller (Schatzmeister), Frank Bachmann (Beisitzer &#8222;Arbeitsgruppe 3&#8220;), Christiane Jahrstorfer (stellvertretende Vorsitzende), Ewald Ehgartner (Beisitzer &#8222;Gewerbe&#8220;), Hans Maier (Beisitzer &#8222;Arbeitsgruppe 4&#8220;), Tassilo Sch\u00f6nhofer (Beisitzer &#8222;Arbeitsgruppe 6&#8220;), Uli Altmann (1. Vorstand), Ursula Burgkart-G\u00f6tte (Beisitzerin &#8222;Familien&#8220;), Angela Santl (Schriftf\u00fchrerin), Markus Maidl (Beisitzer &#8222;Arbeitsgruppe 1&#8220;), Max Schadenfroh (1. B\u00fcrgermeister), G\u00fcnter Moser (Beisitzer &#8222;Senioren&#8220;), Peter Hirmer (Beisitzer &#8222;Arbeitsgruppe 2&#8220;), Wolfgang Eckwerth (Leiter Koordinationstelle), Werner Art (Beisitzer &#8222;Arbeitsgruppe 5&#8220;), Thomas Egger (EGGER &amp; PARTNER GmbH) \u00a0<\/em><\/p>\n<p><strong>Mitglieder des Organisationsteams die vom Oktober 2007 bis April 2008<br \/>\ndie \u201eGemeindeentwicklung Eichendorf\u201c einleiteten<br \/>\n<\/strong><\/p>\n<p>Christiane Aigner, Uli Altmann, Michaela Blaha, Rudolf Brunner, Franz Busch, Tanja Busch, Doris Busch-Simet, Wolfgang Eckwerth, Franz Eder, Ewald Ehgartner, Herbert Flamm, Markus Fraundorfer, Florian Gehwolf, Sebastian Gehwolf, Hildegard Hartl, Peter Hirmer, Christiane Jahrstorfer, Franz Jahrstorfer, Rudolf Kastenberger, Markus Maidl, Hans Maier, Dieter Meier, Siegfried Nigl, Hans Riederer, Josef Salzberger, Max Schadenfroh, G\u00fcnther Stallhofer, Bettina Stangl, Franz St\u00f6gm\u00fcller, Werner Straubinger, Anton Zint, Franz Zirngibl.<\/p>\n","protected":false},"excerpt":{"rendered":"<p>Die Vorstandschaft des Vereins &#8222;Gemeindeentwicklung Eichendorf e.V.&#8220; gew\u00e4hlt am 29. April 2008. Von links nach rechts: Stefan Stangl (Beisitzer &#8222;Junge Erwachsene&#8220;), Sebastian Gehwolf (schriftf\u00fchrer der Wahl), Franz M\u00fcller (Schatzmeister), Frank Bachmann (Beisitzer &#8222;Arbeitsgruppe 3&#8220;), Christiane Jahrstorfer (stellvertretende Vorsitzende), Ewald Ehgartner (Beisitzer &#8222;Gewerbe&#8220;), Hans Maier (Beisitzer &#8222;Arbeitsgruppe 4&#8220;), Tassilo Sch\u00f6nhofer (Beisitzer &#8222;Arbeitsgruppe 6&#8220;), Uli Altmann (1. [&hellip;]<\/p>\n","protected":false},"author":1,"featured_media":0,"parent":0,"menu_order":2,"comment_status":"open","ping_status":"open","template":"","meta":[],"_links":{"self":[{"href":"http:\/\/www.gemeindeentwicklung-eichendorf.de\/index.php?rest_route=\/wp\/v2\/pages\/3"}],"collection":[{"href":"http:\/\/www.gemeindeentwicklung-eichendorf.de\/index.php?rest_route=\/wp\/v2\/pages"}],"about":[{"href":"http:\/\/www.gemeindeentwicklung-eichendorf.de\/index.php?rest_route=\/wp\/v2\/types\/page"}],"author":[{"embeddable":true,"href":"http:\/\/www.gemeindeentwicklung-eichendorf.de\/index.php?rest_route=\/wp\/v2\/users\/1"}],"replies":[{"embeddable":true,"href":"http:\/\/www.gemeindeentwicklung-eichendorf.de\/index.php?rest_route=%2Fwp%2Fv2%2Fcomments&post=3"}],"version-history":[{"count":2,"href":"http:\/\/www.gemeindeentwicklung-eichendorf.de\/index.php?rest_route=\/wp\/v2\/pages\/3\/revisions"}],"predecessor-version":[{"id":40,"href":"http:\/\/www.gemeindeentwicklung-eichendorf.de\/index.php?rest_route=\/wp\/v2\/pages\/3\/revisions\/40"}],"wp:attachment":[{"href":"http:\/\/www.gemeindeentwicklung-eichendorf.de\/index.php?rest_route=%2Fwp%2Fv2%2Fmedia&parent=3"}],"curies":[{"name":"wp","href":"https:\/\/api.w.org\/{rel}","templated":true}]}}