{"id":2,"date":"2007-11-11T12:21:15","date_gmt":"2007-11-11T11:21:15","guid":{"rendered":""},"modified":"2007-11-11T13:07:20","modified_gmt":"2007-11-11T12:07:20","slug":"eine-seite","status":"publish","type":"page","link":"http:\/\/www.gemeindeentwicklung-eichendorf.de\/?page_id=2","title":{"rendered":"Was hei\u00dft Gemeindeentwicklung?"},"content":{"rendered":"<ul>\n<li><strong>Motto der Gemeindeentwicklung:<\/strong><br \/>\nIm Rahmen der Gemeindeentwicklung Eichendorf kann jedes Mitglied etwas ver\u00e4ndern und bewirken. Jede Idee, Meinung und Stimme z\u00e4hlt.<\/li>\n<li><strong>Partner der Gemeindeentwicklung:<\/strong><br \/>\nVon Anfang an werden m\u00f6glichst viele Personen aus der Gemeinde, der Wirtschaft, der Landwirtschaft, den Vereinen und der Bev\u00f6lkerung in den Prozess \u201eGemeindeentwicklung Eichendorf\u201d mit eingebunden.- Denn ein wichtiges Fundament f\u00fcr eine nachhaltige Gemeindeentwicklung stellt der Weg vom Einzelk\u00e4mpfer zum \u201eWIR\u201d dar.<\/li>\n<li><strong>Zielsetzungen der Gemeindeentwicklung:<\/strong><br \/>\nDie gemeinsamen Hauptzielsetzungen werden die langfristige Steigerung der Wirtschaftskraft, Vitalisierung und Attraktivierung der Gro\u00dfgemeinde Eichendorf, Optimierung der Handels-, Gewerbe-, Gastronomie- und Tourismusstrukturen, Organisieren und Durchf\u00fchren von kompetenten M\u00e4rkten und Veranstaltungen sowie als Hauptzielsetzung die Verbesserung der Lebens-, Wohn-, Freizeit- und Aufenthaltsqualit\u00e4t der Bev\u00f6lkerung in Eichendorf sein.<\/li>\n<li><strong>Gemeindeentwicklung ist prozessorientiert:<\/strong><br \/>\nBeim diesem Gemeinschaftsprozess wird nicht irgendeine Idee aus einer anderen Gemeinde \u00fcber Eichendorf gest\u00fclpt, sondern zusammen mit den Betroffenen wird nach effizienten L\u00f6sungsm\u00f6glichkeiten gesucht. \u00dcber siebzig Prozent dieser Vorgangsweise ist im psychologischen Bereich zu suchen. Es gilt also der Grundsatz \u201eBetroffene in der Gro\u00dfgemeinde Eichendorf zu motivierten, aktiven Beteiligten zu machen\u201d, um gemeinsam die Chancen der Zukunft zu ergreifen. Anders formuliert: Der Ver\u00e4nderungsprozess hin zu einem gemeinsamen Ziel ist viel wichtiger als das reine Fachwissen.<\/li>\n<li><strong>Gemeindeentwicklung ist umsetzungsorientiert:<\/strong><br \/>\nInnerhalb von vier Monaten werden die konkreten Ma\u00dfnahmen definiert und erste, sichtbare Umsetzungen eingeleitet. Dies wird vor allem durch eine breit getragene Gemeindeentwicklung mit Einbindung m\u00f6glichst vieler Personen und den Aufbau einer straffen Dachorganisation gelingen. In diesem Zusammenhang werden auch Umsetzungsteams mit Projektgruppen installiert.<\/li>\n<li><strong>Logischer Gemeindeentwicklungs-Kreislauf:<\/strong><br \/>\nDie Gemeindeentwicklung hat zwei konkrete Hauptzielsetzungen: Steigerung der Attraktivit\u00e4t der Gro\u00dfgemeinde Eichendorf und Erh\u00f6hung der Wirtschaftsdynamik. \u00dcber die steigenden Ums\u00e4tze kommt es zur Sicherung der bestehenden Arbeitspl\u00e4tze und mittelfristig zur Schaffung von neuen Arbeitspl\u00e4tzen. \u00dcber diese \u201eselbstbestimmte\u201d Konjunktur kommt es zu mehr Steuereinnahmen der Gemeinde Eichendorf. Dies bedingt wiederum einen positiven Gemeindehaushalt und dadurch k\u00f6nnen gezielte Investitionen zur Verbesserung der Lebens-, Wohn-, Freizeit- und Aufenthaltsqualit\u00e4t f\u00fcr die Bev\u00f6lkerung get\u00e4tigt werden. Das ist der logische und positive \u201eGemeindeentwicklungs-Kreislauf\u201d, der erst durch die Erh\u00f6hung der Wirtschaftsdynamik geschaffen werden kann. Denn es gibt keine allgemeine Konjunktur, sondern nur eine \u201ehausgemachte\u201d, lokale Konjunktur!<\/li>\n<\/ul>\n","protected":false},"excerpt":{"rendered":"<p>Motto der Gemeindeentwicklung: Im Rahmen der Gemeindeentwicklung Eichendorf kann jedes Mitglied etwas ver\u00e4ndern und bewirken. Jede Idee, Meinung und Stimme z\u00e4hlt. Partner der Gemeindeentwicklung: Von Anfang an werden m\u00f6glichst viele Personen aus der Gemeinde, der Wirtschaft, der Landwirtschaft, den Vereinen und der Bev\u00f6lkerung in den Prozess \u201eGemeindeentwicklung Eichendorf\u201d mit eingebunden.- Denn ein wichtiges Fundament f\u00fcr [&hellip;]<\/p>\n","protected":false},"author":1,"featured_media":0,"parent":0,"menu_order":1,"comment_status":"open","ping_status":"open","template":"","meta":[],"_links":{"self":[{"href":"http:\/\/www.gemeindeentwicklung-eichendorf.de\/index.php?rest_route=\/wp\/v2\/pages\/2"}],"collection":[{"href":"http:\/\/www.gemeindeentwicklung-eichendorf.de\/index.php?rest_route=\/wp\/v2\/pages"}],"about":[{"href":"http:\/\/www.gemeindeentwicklung-eichendorf.de\/index.php?rest_route=\/wp\/v2\/types\/page"}],"author":[{"embeddable":true,"href":"http:\/\/www.gemeindeentwicklung-eichendorf.de\/index.php?rest_route=\/wp\/v2\/users\/1"}],"replies":[{"embeddable":true,"href":"http:\/\/www.gemeindeentwicklung-eichendorf.de\/index.php?rest_route=%2Fwp%2Fv2%2Fcomments&post=2"}],"version-history":[{"count":0,"href":"http:\/\/www.gemeindeentwicklung-eichendorf.de\/index.php?rest_route=\/wp\/v2\/pages\/2\/revisions"}],"wp:attachment":[{"href":"http:\/\/www.gemeindeentwicklung-eichendorf.de\/index.php?rest_route=%2Fwp%2Fv2%2Fmedia&parent=2"}],"curies":[{"name":"wp","href":"https:\/\/api.w.org\/{rel}","templated":true}]}}